{"id":966,"date":"2024-08-31T16:36:56","date_gmt":"2024-08-31T16:36:56","guid":{"rendered":"https:\/\/holistictherapy.brussels\/therapie-holistique\/"},"modified":"2024-09-01T11:48:50","modified_gmt":"2024-09-01T11:48:50","slug":"therapie-holistique","status":"publish","type":"page","link":"https:\/\/holistictherapy.brussels\/fr\/therapie-holistique\/","title":{"rendered":"TH\u00c9RAPIE HOLISTIQUE"},"content":{"rendered":"<div class=\"fusion-fullwidth fullwidth-box fusion-builder-row-1 fusion-flex-container nonhundred-percent-fullwidth non-hundred-percent-height-scrolling\" style=\"--awb-border-radius-top-left:0px;--awb-border-radius-top-right:0px;--awb-border-radius-bottom-right:0px;--awb-border-radius-bottom-left:0px;--awb-flex-wrap:wrap;\" ><div class=\"fusion-builder-row fusion-row fusion-flex-align-items-flex-start fusion-flex-content-wrap\" style=\"max-width:1352px;margin-left: calc(-4% \/ 2 );margin-right: calc(-4% \/ 2 );\"><div class=\"fusion-layout-column fusion_builder_column fusion-builder-column-0 fusion_builder_column_1_1 1_1 fusion-flex-column\" style=\"--awb-bg-size:cover;--awb-width-large:100%;--awb-margin-top-large:0px;--awb-spacing-right-large:1.92%;--awb-margin-bottom-large:20px;--awb-spacing-left-large:1.92%;--awb-width-medium:100%;--awb-order-medium:0;--awb-spacing-right-medium:1.92%;--awb-spacing-left-medium:1.92%;--awb-width-small:100%;--awb-order-small:0;--awb-spacing-right-small:1.92%;--awb-spacing-left-small:1.92%;\"><div class=\"fusion-column-wrapper fusion-column-has-shadow fusion-flex-justify-content-flex-start fusion-content-layout-column\"><div class=\"fusion-text fusion-text-1\" style=\"--awb-text-transform:none;\"><p>Les moments de gu\u00e9rison surviennent lorsque nous nous rappelons que nous sommes reli\u00e9s \u00e0 la totalit\u00e9 et que nous sommes touch\u00e9s par la beaut\u00e9 de la vie.<br \/>\nLa gu\u00e9rison est un \u00e9v\u00e9nement spontan\u00e9 qui survient par gr\u00e2ce et qui peut se produire \u00e0 tout moment et en tout lieu, avec ou sans le contexte d&rsquo;une s\u00e9ance de gu\u00e9rison.<br \/>\nParfois, en regardant un coucher de soleil ou le sourire d&rsquo;un \u00e9tranger, en \u00e9coutant un po\u00e8me ou le chant des oiseaux, nous nous sentons profond\u00e9ment touch\u00e9s \u00e0 l&rsquo;int\u00e9rieur et chang\u00e9s.<br \/>\nLe corps sait quand c&rsquo;est le bon moment pour que la gu\u00e9rison s&rsquo;ach\u00e8ve.<br \/>\nIl y a quelques ann\u00e9es, apr\u00e8s plus d&rsquo;une d\u00e9cennie de pratique de la gu\u00e9rison \u00e9nerg\u00e9tique et du massage, j&rsquo;ai rencontr\u00e9 les limites de cette technique lorsque j&rsquo;ai r\u00e9alis\u00e9 qu&rsquo;\u00e0 c\u00f4t\u00e9 de belles s\u00e9ances qui changent la vie, il y a des gens qui reviennent apr\u00e8s un certain temps avec les m\u00eames blocages \u00e9nerg\u00e9tiques et les m\u00eames probl\u00e8mes.<br \/>\nLa gu\u00e9rison \u00e9nerg\u00e9tique leur a apport\u00e9 un grand soulagement, mais lorsqu&rsquo;ils retournent \u00e0 la vie quotidienne, o\u00f9 ils doivent faire face \u00e0 diff\u00e9rents niveaux de relations, ils passent par des cycles r\u00e9p\u00e9titifs et accablants de r\u00e9actions \u00e9motionnelles.<br \/>\nAu cours de la m\u00eame p\u00e9riode, j&rsquo;ai d\u00e9couvert quelque chose de nouveau en essayant de r\u00e9soudre mes probl\u00e8mes personnels et mes relations au sein du syst\u00e8me familial.<br \/>\nC&rsquo;est \u00e0 ce moment-l\u00e0 que j&rsquo;ai remarqu\u00e9 que les sch\u00e9mas r\u00e9p\u00e9titifs de traumatisme relationnel ont des racines dans la famille d&rsquo;origine qui a fa\u00e7onn\u00e9 nos croyances et o\u00f9 nous avons appris \u00e0 entrer en relation avec les autres.<br \/>\nEn 2023, j&rsquo;ai entam\u00e9 le processus de formation \u00e0 la th\u00e9rapie syst\u00e9mique des constellations familiales selon la m\u00e9thode de Bert Hellinger (fondateur des constellations) avec Alemka Dauskardt (\u00e9tudiante de Bert Hellinger) et j&rsquo;ai commenc\u00e9 \u00e0 utiliser ces connaissances dans la pratique.<br \/>\nLa th\u00e9rapie holistique est un processus o\u00f9 nous allons de A \u00e0 Z en commen\u00e7ant par une prise de conscience des croyances inconscientes et des comportements r\u00e9p\u00e9titifs qui peuvent \u00eatre destructeurs et auto-saboteurs.<br \/>\nLorsque nous prenons conscience des croyances qui proviennent de nos blessures d&rsquo;enfance et que nous les abandonnons, nous retrouvons un sentiment d&rsquo;appartenance \u00e0 la famille d&rsquo;origine, sans honte, sans culpabilit\u00e9, sans col\u00e8re, sans peur et sans reproche.<br \/>\nCela permet de se sentir bien et connect\u00e9 \u00e0 l&rsquo;\u00e9nergie vitale qui provient de la source de vie de toute la famille.<br \/>\nEn compl\u00e9ment, nous pratiquons une th\u00e9rapie de gu\u00e9rison \u00e9nerg\u00e9tique qui nous aide \u00e0 \u00e9liminer les \u00e9motions bloqu\u00e9es, \u00e0 r\u00e9tablir l&rsquo;harmonie \u00e0 tous les niveaux et \u00e0 dire OUI \u00e0 la vie, quels que soient les d\u00e9fis que nous avons relev\u00e9s dans le pass\u00e9.<br \/>\nSi n\u00e9cessaire, nous pouvons \u00e9galement faire des massages th\u00e9rapeutiques qui \u00e9liminent toutes les tensions accumul\u00e9es cr\u00e9\u00e9es par le stress \u00e9motionnel et psychologique.<br \/>\nAvec tout ce qui pr\u00e9c\u00e8de et mon exp\u00e9rience, je peux dire que la th\u00e9rapie holistique est une exp\u00e9rience qui change la vie.<\/p>\n<\/div><\/div><\/div><\/div><\/div>\n","protected":false},"excerpt":{"rendered":"","protected":false},"author":2,"featured_media":0,"parent":0,"menu_order":0,"comment_status":"closed","ping_status":"closed","template":"","meta":{"footnotes":""},"class_list":["post-966","page","type-page","status-publish","hentry"],"_links":{"self":[{"href":"https:\/\/holistictherapy.brussels\/fr\/wp-json\/wp\/v2\/pages\/966","targetHints":{"allow":["GET"]}}],"collection":[{"href":"https:\/\/holistictherapy.brussels\/fr\/wp-json\/wp\/v2\/pages"}],"about":[{"href":"https:\/\/holistictherapy.brussels\/fr\/wp-json\/wp\/v2\/types\/page"}],"author":[{"embeddable":true,"href":"https:\/\/holistictherapy.brussels\/fr\/wp-json\/wp\/v2\/users\/2"}],"replies":[{"embeddable":true,"href":"https:\/\/holistictherapy.brussels\/fr\/wp-json\/wp\/v2\/comments?post=966"}],"version-history":[{"count":0,"href":"https:\/\/holistictherapy.brussels\/fr\/wp-json\/wp\/v2\/pages\/966\/revisions"}],"wp:attachment":[{"href":"https:\/\/holistictherapy.brussels\/fr\/wp-json\/wp\/v2\/media?parent=966"}],"curies":[{"name":"wp","href":"https:\/\/api.w.org\/{rel}","templated":true}]}}