{"id":582,"date":"2015-02-05T17:26:32","date_gmt":"2015-02-05T17:26:32","guid":{"rendered":"https:\/\/holistictherapy.brussels\/rates\/"},"modified":"2026-03-29T16:34:31","modified_gmt":"2026-03-29T16:34:31","slug":"carte-de-massage","status":"publish","type":"page","link":"https:\/\/holistictherapy.brussels\/fr\/carte-de-massage\/","title":{"rendered":"CARTE DE MASSAGE"},"content":{"rendered":"<p><div class=\"fusion-fullwidth fullwidth-box fusion-builder-row-1 nonhundred-percent-fullwidth non-hundred-percent-height-scrolling\" style=\"--awb-border-radius-top-left:0px;--awb-border-radius-top-right:0px;--awb-border-radius-bottom-right:0px;--awb-border-radius-bottom-left:0px;--awb-flex-wrap:wrap;\" ><div class=\"fusion-builder-row fusion-row\"><div class=\"fusion-layout-column fusion_builder_column fusion-builder-column-0 fusion_builder_column_1_6 1_6 fusion-one-sixth fusion-column-first\" style=\"--awb-bg-size:cover;width:16.666666666667%;width:calc(16.666666666667% - ( ( 4% + 4% ) * 0.16666666666667 ) );margin-right: 4%;\"><div class=\"fusion-column-wrapper fusion-flex-column-wrapper-legacy\"><div class=\"fusion-clearfix\"><\/div><\/div><\/div><div class=\"fusion-layout-column fusion_builder_column fusion-builder-column-1 fusion_builder_column_2_3 2_3 fusion-two-third\" style=\"--awb-bg-size:cover;--awb-margin-bottom:0px;width:66.666666666667%;width:calc(66.666666666667% - ( ( 4% + 4% ) * 0.66666666666667 ) );margin-right: 4%;\"><div class=\"fusion-column-wrapper fusion-flex-column-wrapper-legacy\"><div class=\"accordian fusion-accordian\" style=\"--awb-border-size:1px;--awb-icon-size:20px;--awb-content-font-size:16px;--awb-icon-alignment:left;--awb-hover-color:#f9f9f9;--awb-border-color:#cccccc;--awb-background-color:#ffffff;--awb-divider-color:#e0dede;--awb-divider-hover-color:#e0dede;--awb-icon-color:#ffffff;--awb-title-color:#333333;--awb-content-color:#747474;--awb-icon-box-color:#333333;--awb-toggle-hover-accent-color:#9ec0ce;--awb-title-font-family:&quot;Montserrat&quot;;--awb-title-font-weight:400;--awb-title-font-style:normal;--awb-title-font-size:20px;--awb-title-line-height:1.5;--awb-content-font-family:&quot;Montserrat&quot;;--awb-content-font-style:normal;--awb-content-font-weight:400;\"><div class=\"panel-group fusion-toggle-icon-boxed\" id=\"accordion-582-1\"><div class=\"fusion-panel panel-default panel-1a283151988ca0529 fusion-toggle-no-divider fusion-toggle-boxed-mode\" style=\"--awb-title-color:#333333;--awb-content-color:#747474;\"><div class=\"panel-heading\"><h4 class=\"panel-title toggle\" id=\"toggle_1a283151988ca0529\"><a aria-expanded=\"false\" aria-controls=\"1a283151988ca0529\" role=\"button\" data-toggle=\"collapse\" data-parent=\"#accordion-582-1\" data-target=\"#1a283151988ca0529\" href=\"#1a283151988ca0529\"><span class=\"fusion-toggle-icon-wrapper\" aria-hidden=\"true\"><i class=\"fa-fusion-box active-icon awb-icon-minus\" aria-hidden=\"true\"><\/i><i class=\"fa-fusion-box inactive-icon awb-icon-plus\" aria-hidden=\"true\"><\/i><\/span><span class=\"fusion-toggle-heading\">Holistic treatment <\/span><\/a><\/h4><\/div><div id=\"1a283151988ca0529\" class=\"panel-collapse collapse \" aria-labelledby=\"toggle_1a283151988ca0529\"><div class=\"panel-body toggle-content fusion-clearfix\">\n<div class=\"ServiceDetailsSection--content--9fc967\">\n<div class=\"About--description--a5da13\">\n<ul>\n<li><strong>60 minutes &#8211; 85 \u20ac<\/strong><\/li>\n<li><strong><em>75 minutes &#8211; 100 \u20ac\u00a0<\/em><\/strong><\/li>\n<li><strong>90 minutes &#8211; 120 \u20ac<\/strong><\/li>\n<li><strong>120 minutes &#8211; 160 \u20ac<\/strong><\/li>\n<\/ul>\n<p>Holistic treatment is deep work on body and soul. It can apply several techniques from therapeutic massage and bio-energy healing to Family Constellation. I is different for everyone so we make interview before session and then together decide what would be best for certain condition.<\/p>\n<p>This treatment will:<br \/>\n&#8211; Establish normal flow of energy at all levels \u2013 physical, mental and emotional<br \/>\n&#8211; Help natural healing mechanisms of the body<br \/>\n&#8211; Create harmony and maintain health<\/p>\n<\/div>\n<\/div>\n<\/div><\/div><\/div><div class=\"fusion-panel panel-default panel-c8d4e5a3f313c0183 fusion-toggle-no-divider fusion-toggle-boxed-mode\"><div class=\"panel-heading\"><h4 class=\"panel-title toggle\" id=\"toggle_c8d4e5a3f313c0183\"><a aria-expanded=\"false\" aria-controls=\"c8d4e5a3f313c0183\" role=\"button\" data-toggle=\"collapse\" data-parent=\"#accordion-582-1\" data-target=\"#c8d4e5a3f313c0183\" href=\"#c8d4e5a3f313c0183\"><span class=\"fusion-toggle-icon-wrapper\" aria-hidden=\"true\"><i class=\"fa-fusion-box active-icon awb-icon-minus\" aria-hidden=\"true\"><\/i><i class=\"fa-fusion-box inactive-icon awb-icon-plus\" aria-hidden=\"true\"><\/i><\/span><span class=\"fusion-toggle-heading\">Relaxing massage<\/span><\/a><\/h4><\/div><div id=\"c8d4e5a3f313c0183\" class=\"panel-collapse collapse \" aria-labelledby=\"toggle_c8d4e5a3f313c0183\"><div class=\"panel-body toggle-content fusion-clearfix\">\n<ul>\n<li><strong>60 minutes \u2013 70 \u20ac<\/strong><\/li>\n<\/ul>\n<p>During this treatment, long smooth gliding strokes that are rhythmic and flowing are used. The pressure is deeply relaxing but not painful. This treatment is designed to:<\/p>\n<ul>\n<li>Relax<\/li>\n<li>Not to relieve chronic pain<\/li>\n<\/ul>\n<\/div><\/div><\/div><div class=\"fusion-panel panel-default panel-a0572cfa50750512d fusion-toggle-no-divider fusion-toggle-boxed-mode\" style=\"--awb-title-color:#333333;--awb-content-color:#747474;\"><div class=\"panel-heading\"><h4 class=\"panel-title toggle\" id=\"toggle_a0572cfa50750512d\"><a aria-expanded=\"false\" aria-controls=\"a0572cfa50750512d\" role=\"button\" data-toggle=\"collapse\" data-parent=\"#accordion-582-1\" data-target=\"#a0572cfa50750512d\" href=\"#a0572cfa50750512d\"><span class=\"fusion-toggle-icon-wrapper\" aria-hidden=\"true\"><i class=\"fa-fusion-box active-icon awb-icon-minus\" aria-hidden=\"true\"><\/i><i class=\"fa-fusion-box inactive-icon awb-icon-plus\" aria-hidden=\"true\"><\/i><\/span><span class=\"fusion-toggle-heading\">Sports massage<\/span><\/a><\/h4><\/div><div id=\"a0572cfa50750512d\" class=\"panel-collapse collapse \" aria-labelledby=\"toggle_a0572cfa50750512d\"><div class=\"panel-body toggle-content fusion-clearfix\">\n<ul>\n<li><strong>40 minutes \u2013 50 \u20ac<br \/>\n<\/strong><\/li>\n<li><strong>50 minutes &#8211; 60 \u20ac<\/strong><\/li>\n<li><strong>60 minutes \u2013 70 \u20ac<\/strong><\/li>\n<\/ul>\n<div class=\"ServiceDetailsSection--content--9fc967\">\n<div>\n<div class=\"About--description--a5da13\">\n<p>Sports massage tends to be deeper and more intense. It helps to:<\/p>\n<ul>\n<li>Reduce the stress and the tensions built up in the body\u2019s soft tissues during physical activity<\/li>\n<li>Recover and prevent injuries whether you are an athlete or a once a week jogger.<\/li>\n<\/ul>\n<p>You don&rsquo;t need to do a lot of sport to choose this massage, anyone can benefit from it, including people in physically demanding jobs and those not quite so obvious (occupational, emotional and postural stress may produce many similar characteristics to sports injuries). Sports massage often incorporates a combination of other techniques involving stretching, compression, friction, toning, and trigger point response techniques similar to acupressure and shiatsu.<\/p>\n<\/div>\n<\/div>\n<\/div>\n<\/div><\/div><\/div><div class=\"fusion-panel panel-default panel-bb8816fb63b836fbe fusion-toggle-no-divider fusion-toggle-boxed-mode\" style=\"--awb-title-color:#333333;--awb-content-color:#747474;\"><div class=\"panel-heading\"><h4 class=\"panel-title toggle\" id=\"toggle_bb8816fb63b836fbe\"><a aria-expanded=\"false\" aria-controls=\"bb8816fb63b836fbe\" role=\"button\" data-toggle=\"collapse\" data-parent=\"#accordion-582-1\" data-target=\"#bb8816fb63b836fbe\" href=\"#bb8816fb63b836fbe\"><span class=\"fusion-toggle-icon-wrapper\" aria-hidden=\"true\"><i class=\"fa-fusion-box active-icon awb-icon-minus\" aria-hidden=\"true\"><\/i><i class=\"fa-fusion-box inactive-icon awb-icon-plus\" aria-hidden=\"true\"><\/i><\/span><span class=\"fusion-toggle-heading\">Deep tissue massage<\/span><\/a><\/h4><\/div><div id=\"bb8816fb63b836fbe\" class=\"panel-collapse collapse \" aria-labelledby=\"toggle_bb8816fb63b836fbe\"><div class=\"panel-body toggle-content fusion-clearfix\">\n<ul>\n<li><strong>40 minutes \u2013 50 \u20ac<\/strong><\/li>\n<li><strong>50 minutes \u2013 60 \u20ac<\/strong><\/li>\n<li><strong>60 minutes \u2013 70 \u20ac<\/strong><\/li>\n<li><strong>75 minutes -90\u00a0 \u20ac<\/strong><\/li>\n<\/ul>\n<div class=\"ServiceDetailsSection--content--9fc967\">\n<div>\n<div class=\"About--description--a5da13\">Deep tissue massage is performed with firm pressure and slow strokes to reach deeper layers of muscle and fascia (the connective tissue surrounding muscles). It&rsquo;s used for:<\/div>\n<ul>\n<li class=\"About--description--a5da13\">Chronic aches and pain<\/li>\n<li class=\"About--description--a5da13\">Contracted areas such as a stiff neck and upper back, low back pain, leg muscle tightness, and sore shoulders<\/li>\n<\/ul>\n<\/div>\n<\/div>\n<\/div><\/div><\/div><div class=\"fusion-panel panel-default panel-35a0fc6215ea893c9 fusion-toggle-no-divider fusion-toggle-boxed-mode\" style=\"--awb-title-color:#333333;--awb-content-color:#747474;\"><div class=\"panel-heading\"><h4 class=\"panel-title toggle\" id=\"toggle_35a0fc6215ea893c9\"><a aria-expanded=\"false\" aria-controls=\"35a0fc6215ea893c9\" role=\"button\" data-toggle=\"collapse\" data-parent=\"#accordion-582-1\" data-target=\"#35a0fc6215ea893c9\" href=\"#35a0fc6215ea893c9\"><span class=\"fusion-toggle-icon-wrapper\" aria-hidden=\"true\"><i class=\"fa-fusion-box active-icon awb-icon-minus\" aria-hidden=\"true\"><\/i><i class=\"fa-fusion-box inactive-icon awb-icon-plus\" aria-hidden=\"true\"><\/i><\/span><span class=\"fusion-toggle-heading\">Bio-energy healing therapy<\/span><\/a><\/h4><\/div><div id=\"35a0fc6215ea893c9\" class=\"panel-collapse collapse \" aria-labelledby=\"toggle_35a0fc6215ea893c9\"><div class=\"panel-body toggle-content fusion-clearfix\">\n<p><b>+\/- 80 min 90\u20ac\u00a0 (interview, treatment, post treatment relaxation and debriefing)\u00a0\u00a0<\/b><\/p>\n<div class=\"ServiceDetailsSection--content--9fc967\">\n<div>\n<div class=\"ServiceDetailsSection--content--9fc967\">\n<div>\n<div class=\"About--description--a5da13\">\n<p>Bio-energy healing is very profound work on soul. It&rsquo;s a process during which we become aware of repressed emotions, pain, cognitive concepts and fears that we have long been suppressing in our subconsciousness.<\/p>\n<p>These have a strong influence on our physical and mental health and their reintegration into the unity of our being. Bio-energy healing affects both consequences and underlying causes of issues and leads to better understanding of our true nature. It includes the process of forgiving as well as accepting ourselves and the world around us.<\/p>\n<p>The result is ease and elimination of a large number of health problems and the launch of inner changes that directly affect all our habits, relationships with other people and patterns of behavior we were not able to change.<\/p>\n<h4>What is bioenergy treatment effective for?<\/h4>\n<ul>\n<li>Improves the immune system and health<\/li>\n<li>Emotional and psychological conditions and traumas such as anxiety, depression, fatigue, panic attacks, low self-esteem, hyperactivity, hormonal misbalances(thyroidea\u2026)<\/li>\n<li>Stress-related issues<\/li>\n<li>Health problems with inner organs, migraines, sinuses, gastritis<\/li>\n<li>Energy blockages, loss\/lack of energy<\/li>\n<li>Chronic back and neck pain<\/li>\n<li>Minor and major health issues<\/li>\n<\/ul>\n<\/div>\n<\/div>\n<\/div>\n<\/div>\n<\/div>\n<\/div><\/div><\/div><div class=\"fusion-panel panel-default panel-965170e6e41504c76 fusion-toggle-no-divider fusion-toggle-boxed-mode\"><div class=\"panel-heading\"><h4 class=\"panel-title toggle\" id=\"toggle_965170e6e41504c76\"><a aria-expanded=\"false\" aria-controls=\"965170e6e41504c76\" role=\"button\" data-toggle=\"collapse\" data-parent=\"#accordion-582-1\" data-target=\"#965170e6e41504c76\" href=\"#965170e6e41504c76\"><span class=\"fusion-toggle-icon-wrapper\" aria-hidden=\"true\"><i class=\"fa-fusion-box active-icon awb-icon-minus\" aria-hidden=\"true\"><\/i><i class=\"fa-fusion-box inactive-icon awb-icon-plus\" aria-hidden=\"true\"><\/i><\/span><span class=\"fusion-toggle-heading\">Partial massage<\/span><\/a><\/h4><\/div><div id=\"965170e6e41504c76\" class=\"panel-collapse collapse \" aria-labelledby=\"toggle_965170e6e41504c76\"><div class=\"panel-body toggle-content fusion-clearfix\">\n<ul>\n<li><strong>30 minutes &#8211; 40 \u20ac<\/strong><\/li>\n<\/ul>\n<p>In this 30 minutes treatment, one area (of your choice) of the body is treated, usually back and neck or legs.<\/p>\n<div class=\"ServiceDetailsSection--content--9fc967\">\n<div>\n<div class=\"ServiceDetailsSection--content--9fc967\">\n<div>\n<div class=\"About--description--a5da13\"><\/div>\n<\/div>\n<\/div>\n<\/div>\n<\/div>\n<\/div><\/div><\/div><\/div><\/div><div class=\"fusion-sep-clear\"><\/div><div class=\"fusion-separator fusion-full-width-sep\" style=\"margin-left: auto;margin-right: auto;margin-top:20px;margin-bottom:20px;width:100%;\"><\/div><div class=\"fusion-sep-clear\"><\/div><div class=\"fusion-clearfix\"><\/div><\/div><\/div><div class=\"fusion-layout-column fusion_builder_column fusion-builder-column-2 fusion_builder_column_1_6 1_6 fusion-one-sixth fusion-column-last\" style=\"--awb-bg-size:cover;width:16.666666666667%;width:calc(16.666666666667% - ( ( 4% + 4% ) * 0.16666666666667 ) );\"><div class=\"fusion-column-wrapper fusion-flex-column-wrapper-legacy\"><div class=\"fusion-clearfix\"><\/div><\/div><\/div><\/div><\/div><div class=\"fusion-fullwidth fullwidth-box fusion-builder-row-2 nonhundred-percent-fullwidth non-hundred-percent-height-scrolling\" style=\"--awb-border-radius-top-left:0px;--awb-border-radius-top-right:0px;--awb-border-radius-bottom-right:0px;--awb-border-radius-bottom-left:0px;--awb-flex-wrap:wrap;\" ><div class=\"fusion-builder-row fusion-row\"><div class=\"fusion-layout-column fusion_builder_column fusion-builder-column-3 fusion_builder_column_1_6 1_6 fusion-one-sixth fusion-column-first\" style=\"--awb-bg-size:cover;width:16.666666666667%;width:calc(16.666666666667% - ( ( 4% + 4% ) * 0.16666666666667 ) );margin-right: 4%;\"><div class=\"fusion-column-wrapper fusion-flex-column-wrapper-legacy\"><div class=\"fusion-clearfix\"><\/div><\/div><\/div><div class=\"fusion-layout-column fusion_builder_column fusion-builder-column-4 fusion_builder_column_2_3 2_3 fusion-two-third\" style=\"--awb-bg-size:cover;--awb-margin-bottom:0px;width:66.666666666667%;width:calc(66.666666666667% - ( ( 4% + 4% ) * 0.66666666666667 ) );margin-right: 4%;\"><div class=\"fusion-column-wrapper fusion-flex-column-wrapper-legacy\"><div class=\"fusion-text fusion-text-1\" style=\"--awb-text-transform:none;\"><p style=\"text-align: center;\"><iframe src=\"https:\/\/www.treatwell.be\/en\/salon\/6748\/review-widget?color=turquoise\" width=\"166\" height=\"155\" frameborder=\"0\"><\/iframe><\/p>\n<pre id=\"tw-target-text\" class=\"tw-data-text tw-text-large tw-ta\" dir=\"ltr\" data-placeholder=\"Translation\"><\/pre>\n<p>Outre le paiement direct, vous pouvez \u00e9galement utiliser PayPal (katalinicdarko7@mail.com), Gymlib vautchers ou vous pouvez payer avec des ch\u00e8ques sport via Monizze\u00a0 \u00a0https:\/\/www.monizze\/be\/en\/activ\/<\/p>\n<p>Je vous demanderai de toujours passer par mon site Web pour la r\u00e9servation en ligne (puis de r\u00e9server en ligne Treatwell Vidget) ou de me contacter directement. Sinon, je paierai une commission \u00e9lev\u00e9e aux plateformes.<\/p>\n<p>Si vous saviez \u00e0 quel point le massage holistique et les traitements bio\u00e9nerg\u00e9tiques vous seraient utiles, vous me paieriez le double. Si vous saviez \u00e0 quel point j&rsquo;appr\u00e9cie mon travail, vous ne me paieriez rien.<\/p>\n<p>Si, pour une raison quelconque, vous ne pouvez pas vous permettre de payer pour une th\u00e9rapie de gu\u00e9rison \u00e0 la bio\u00e9nergie et pensez que je peux vous aider, n&rsquo;h\u00e9sitez pas \u00e0 me contacter.<\/p>\n<p>Tous les traitements ont lieu dans mon bureau Av Broqueville 250, Woluwe Saint Lambert. Consultez l&rsquo;horaire ci-dessous<\/p>\n<p>Mon appartement<br \/>\nDu lundi au samedi<\/p>\n<\/div><div class=\"fusion-clearfix\"><\/div><\/div><\/div><div class=\"fusion-layout-column fusion_builder_column fusion-builder-column-5 fusion_builder_column_1_6 1_6 fusion-one-sixth fusion-column-last\" style=\"--awb-bg-size:cover;width:16.666666666667%;width:calc(16.666666666667% - ( ( 4% + 4% ) * 0.16666666666667 ) );\"><div class=\"fusion-column-wrapper fusion-flex-column-wrapper-legacy\"><div class=\"fusion-clearfix\"><\/div><\/div><\/div><\/div><\/div><\/p>\n","protected":false},"excerpt":{"rendered":"","protected":false},"author":1,"featured_media":0,"parent":0,"menu_order":0,"comment_status":"open","ping_status":"open","template":"","meta":{"footnotes":""},"class_list":["post-582","page","type-page","status-publish","hentry"],"_links":{"self":[{"href":"https:\/\/holistictherapy.brussels\/fr\/wp-json\/wp\/v2\/pages\/582","targetHints":{"allow":["GET"]}}],"collection":[{"href":"https:\/\/holistictherapy.brussels\/fr\/wp-json\/wp\/v2\/pages"}],"about":[{"href":"https:\/\/holistictherapy.brussels\/fr\/wp-json\/wp\/v2\/types\/page"}],"author":[{"embeddable":true,"href":"https:\/\/holistictherapy.brussels\/fr\/wp-json\/wp\/v2\/users\/1"}],"replies":[{"embeddable":true,"href":"https:\/\/holistictherapy.brussels\/fr\/wp-json\/wp\/v2\/comments?post=582"}],"version-history":[{"count":5,"href":"https:\/\/holistictherapy.brussels\/fr\/wp-json\/wp\/v2\/pages\/582\/revisions"}],"predecessor-version":[{"id":1071,"href":"https:\/\/holistictherapy.brussels\/fr\/wp-json\/wp\/v2\/pages\/582\/revisions\/1071"}],"wp:attachment":[{"href":"https:\/\/holistictherapy.brussels\/fr\/wp-json\/wp\/v2\/media?parent=582"}],"curies":[{"name":"wp","href":"https:\/\/api.w.org\/{rel}","templated":true}]}}